{"id":667,"date":"2021-01-24T23:34:32","date_gmt":"2021-01-24T23:34:32","guid":{"rendered":"https:\/\/felcor.com.mx\/?page_id=667"},"modified":"2022-04-11T20:22:21","modified_gmt":"2022-04-11T20:22:21","slug":"privacidad-de-datos-felcor","status":"publish","type":"page","link":"https:\/\/felcor.com.mx\/es\/privacidad-de-datos-felcor\/","title":{"rendered":"Felcor Data Privacy Policy"},"content":{"rendered":"<div data-elementor-type=\"wp-page\" data-elementor-id=\"667\" class=\"elementor elementor-667\" data-elementor-post-type=\"page\">\n\t\t\t\t\t\t<section class=\"elementor-section elementor-top-section elementor-element elementor-element-b30bfdf elementor-section-boxed elementor-section-height-default elementor-section-height-default\" data-id=\"b30bfdf\" data-element_type=\"section\" data-settings=\"{&quot;background_background&quot;:&quot;classic&quot;}\">\n\t\t\t\t\t\t<div class=\"elementor-container elementor-column-gap-default\">\n\t\t\t\t\t<div class=\"elementor-column elementor-col-100 elementor-top-column elementor-element elementor-element-c30253c\" data-id=\"c30253c\" data-element_type=\"column\">\n\t\t\t<div class=\"elementor-widget-wrap elementor-element-populated\">\n\t\t\t\t\t\t<div class=\"elementor-element elementor-element-f007705 elementor-widget elementor-widget-heading\" data-id=\"f007705\" data-element_type=\"widget\" data-widget_type=\"heading.default\">\n\t\t\t\t<div class=\"elementor-widget-container\">\n\t\t\t\t\t<h2 class=\"elementor-heading-title elementor-size-default\">P\u00f3liza de privacidad de datos<\/h2>\t\t\t\t<\/div>\n\t\t\t\t<\/div>\n\t\t\t\t<div class=\"elementor-element elementor-element-2487d6a elementor-widget elementor-widget-text-editor\" data-id=\"2487d6a\" data-element_type=\"widget\" data-widget_type=\"text-editor.default\">\n\t\t\t\t<div class=\"elementor-widget-container\">\n\t\t\t\t\t\t\t\t\tManufacturas Felcor de M\u00e9xico S. de R.L. de C.V. con domicilio en Calle P\u00edpila, n\u00famero 2412, piso 4, colonia Centro, Chihuahua, Chihuahua, M\u00e9xico, c\u00f3digo postal 31000, es responsable de recabar sus datos personales y le informamos lo siguiente:\n<br \/>\nSu informaci\u00f3n personal ser\u00e1 utilizada para las siguientes finalidades necesarias para el servicio que solicita:\n<br \/><br 7<\n<ul>\n<li>Crear y actualizar su n\u00famero de cliente<\/li>\n<li>Verificar y confirmar su identidad<\/li>\n<li>Administrar y operar los servicios y productos que solicita o compra con nosotros.<\/li><\/ul><br \/>\n\nDe manera adicional, utilizaremos su informaci\u00f3n para las siguientes finalidades que no son necesarias para el servicio o producto solicitado, pero que nos permiten y facilitan brindarle una mejor atenci\u00f3n:<br 7><br \/>\n\n<ul>\n<li>Enviarle informaci\u00f3n de productos y servicios que sean de su inter\u00e9s as\u00ed como promociones relacionadas con los mismos.<\/li>\n<li>Invitarle a participar en eventos y concursos y para fines mercadol\u00f3gicos, de prospecci\u00f3n comercial y de estudio de mercado.<\/li><\/ul><br \/>\n\nEn caso de que no desee que sus datos personales sean tratados para estos fines adicionales env\u00ede un email a la direcci\u00f3n info@felcor.com.mx con su solicitud.<br \/>\nLa negativa para el uso de sus datos personales para estas finalidades no podr\u00e1 ser un motivo para que le neguemos los servicios y productos que solicita o contrata con nosotros.<br \/><br \/> Para las finalidades antes mencionadas, requerimos los siguientes datos:<br \/>\n<ul>\n<li>Nombre Completo<\/li>\n<li>Tel\u00e9fono fijo \/ Celular<\/li>\n<li>Correo electr\u00f3nico<\/li>\n<li>Raz\u00f3n Social<\/li>\n<li>Direcci\u00f3n<\/li>\n<\/ul><br \/>\nUsted tiene derecho a conocer qu\u00e9 datos personales tenemos de usted, para qu\u00e9 los utilizamos y las condiciones del uso que les damos (Acceso). Asimismo, es su derecho solicitar la correcci\u00f3n de su informaci\u00f3n personal en caso de que est\u00e9 desactualizada, sea inexacta o incompleta (Rectificaci\u00f3n); que la eliminemos de nuestros registros o bases de datos cuando considere que la misma no est\u00e1 siendo utilizada conforme a los principios, deberes y obligaciones previstas en la normativa (Cancelaci\u00f3n); as\u00ed como oponerse al uso de sus datos personales para fines espec\u00edficos (Oposici\u00f3n). Estos derechos se conocen como derechos ARCO.<br \/><br \/>\n\nUsted puede revocar el consentimiento que, en su caso, nos haya otorgado para el tratamiento de sus datos personales. Sin embargo, es importante que tenga en cuenta que no en todos los casos podremos atender su solicitud o concluir el uso de forma inmediata, ya que es posible que por alguna obligaci\u00f3n legal requiramos seguir tratando sus datos personales. Asimismo, usted deber\u00e1 considerar que para ciertos fines, la revocaci\u00f3n de su consentimiento implicar\u00e1 que no le podamos seguir prestando el servicio que nos solicit\u00f3, o la conclusi\u00f3n de su relaci\u00f3n con nosotros.<br \/><br \/>\n\nPara el ejercicio de cualquiera de los derechos ARCO, usted deber\u00e1 presentar la solicitud respectiva v\u00eda correo electr\u00f3nico a info@felcor.com.mx<br \/><br \/>\n\nPara conocer el procedimiento y requisitos para el ejercicio de los derechos ARCO, usted podr\u00e1 llamar al siguiente n\u00famero telef\u00f3nico (614) 410-3469; o bien ponerse en contacto con nuestro Centro de Contacto v\u00eda email, quien dar\u00e1 tr\u00e1mite a las solicitudes para el ejercicio de estos derechos, y atender\u00e1 cualquier duda que pudiera tener respecto al tratamiento de su informaci\u00f3n.<br \/><br \/>\n\nLe informamos que en nuestra p\u00e1gina de Internet utilizamos cookies y otras tecnolog\u00edas a trav\u00e9s de las cuales es posible monitorear su comportamiento como usuario de Internet, brindarle un mejor servicio y experiencia de usuario al navegar en nuestra p\u00e1gina, as\u00ed como ofrecerle nuevos productos y servicios basados en sus preferencias.<br \/><br \/>\n\nLos datos personales que obtenemos de estas tecnolog\u00edas de rastreo son los siguientes:<br \/>\nhorario de navegaci\u00f3n, tiempo de navegaci\u00f3n en nuestra p\u00e1gina de Internet, secciones consultadas, y p\u00e1ginas de Internet accedidas previo a la nuestra.<br \/><br \/>\t\t\t\t\t\t\t\t<\/div>\n\t\t\t\t<\/div>\n\t\t\t\t\t<\/div>\n\t\t<\/div>\n\t\t\t\t\t<\/div>\n\t\t<\/section>\n\t\t\t\t<\/div>","protected":false},"excerpt":{"rendered":"<p>Privacy Policy Manufacturas Felcor de M\u00e9xico S. de R.L. de C.V. with address 2414 P\u00edpila Street, Centro, Chihuahua, Chihuahua, M\u00e9xico, postal code 31000, is responsible for collecting your personal data and we inform you of the following: Your personal information will be used for the following purposes necessary for the service you request:<\/p>","protected":false},"author":1,"featured_media":0,"parent":0,"menu_order":0,"comment_status":"closed","ping_status":"closed","template":"elementor_header_footer","meta":{"footnotes":""},"class_list":["post-667","page","type-page","status-publish","hentry","entry"],"_links":{"self":[{"href":"https:\/\/felcor.com.mx\/es\/wp-json\/wp\/v2\/pages\/667","targetHints":{"allow":["GET"]}}],"collection":[{"href":"https:\/\/felcor.com.mx\/es\/wp-json\/wp\/v2\/pages"}],"about":[{"href":"https:\/\/felcor.com.mx\/es\/wp-json\/wp\/v2\/types\/page"}],"author":[{"embeddable":true,"href":"https:\/\/felcor.com.mx\/es\/wp-json\/wp\/v2\/users\/1"}],"replies":[{"embeddable":true,"href":"https:\/\/felcor.com.mx\/es\/wp-json\/wp\/v2\/comments?post=667"}],"version-history":[{"count":3,"href":"https:\/\/felcor.com.mx\/es\/wp-json\/wp\/v2\/pages\/667\/revisions"}],"predecessor-version":[{"id":840,"href":"https:\/\/felcor.com.mx\/es\/wp-json\/wp\/v2\/pages\/667\/revisions\/840"}],"wp:attachment":[{"href":"https:\/\/felcor.com.mx\/es\/wp-json\/wp\/v2\/media?parent=667"}],"curies":[{"name":"wp","href":"https:\/\/api.w.org\/{rel}","templated":true}]}}